{"id":4,"date":"2013-07-30T13:27:43","date_gmt":"2013-07-30T13:27:43","guid":{"rendered":"http:\/\/vanocni-dekorace.com\/?page_id=4"},"modified":"2019-03-07T10:55:16","modified_gmt":"2019-03-07T10:55:16","slug":"vanocni-osvetleni-a-dekorace","status":"publish","type":"page","link":"https:\/\/www.vanocni-dekorace.com\/","title":{"rendered":"V\u00e1no\u010dn\u00ed osv\u011btlen\u00ed a dekorace"},"content":{"rendered":"<p>V\u00e1noce jsou pro mnoh\u00e9 t\u00edm nejkr\u00e1sn\u011bj\u0161\u00edm obdob\u00edm v\u00a0roce. Je to doba, kdy lid\u00e9 odkl\u00e1daj\u00ed stranou nesv\u00e1ry a bilancuj\u00ed. Atmosf\u00e9ra V\u00e1noc nav\u00edc p\u016fsob\u00ed na v\u0161echny a dok\u00e1\u017ee oslovit i ty, kte\u0159\u00ed z\u00a0jak\u00e9hokoliv d\u016fvodu nemaj\u00ed tento sv\u00e1tek v\u00a0oblib\u011b. Jak\u00fdsi pomysln\u00fd duch V\u00e1noc je v\u0161ude kolem a je t\u011b\u017ek\u00e9 mu odol\u00e1vat. P\u0159edch\u00e1zej\u00edc\u00ed chladn\u00e9 obdob\u00ed se za\u010d\u00edn\u00e1 prom\u011b\u0148ovat, v\u00a0ulic\u00edch se objevuje<b> v\u00e1no\u010dn\u00ed v\u00fdzdoba<\/b> a lid\u00e9 jsou v\u00a0p\u0159\u00edjemn\u00e9m o\u010dek\u00e1v\u00e1n\u00ed sv\u00e1te\u010dn\u00edch dn\u00ed.<\/p>\n<p>V\u00e1no\u010dn\u00ed zdoben\u00ed a vylep\u0161ov\u00e1n\u00ed sv\u00e9ho okol\u00ed je ostatn\u011b zvyk, kter\u00fd p\u0159etrv\u00e1v\u00e1 po stalet\u00ed. Nicm\u00e9n\u011b stejn\u011b jako se modernizuje n\u00e1\u0161 \u017eivot, tak se modernizuje i tento zvyk a do na\u0161ich domov\u016f za\u010d\u00ednaj\u00ed pronikat rozli\u010dn\u00e9 <a title=\"v\u00e1no\u010dn\u00ed dekorace\" href=\"https:\/\/www.dexys.cz\/VANOCNI-DEKORACE-c10_0_1.htm\" target=\"_blank\" rel=\"noopener noreferrer\"><b>v\u00e1no\u010dn\u00ed dekorace<\/b><\/a>, kter\u00e9 kombinuj\u00ed tradici s\u00a0modern\u00edm pojet\u00edm.<\/p>\n\n\t\t<style type=\"text\/css\">\n\t\t\t#gallery-1 {\n\t\t\t\tmargin: auto;\n\t\t\t}\n\t\t\t#gallery-1 .gallery-item {\n\t\t\t\tfloat: left;\n\t\t\t\tmargin-top: 10px;\n\t\t\t\ttext-align: center;\n\t\t\t\twidth: 25%;\n\t\t\t}\n\t\t\t#gallery-1 img {\n\t\t\t\tborder: 2px solid #cfcfcf;\n\t\t\t}\n\t\t\t#gallery-1 .gallery-caption {\n\t\t\t\tmargin-left: 0;\n\t\t\t}\n\t\t\t\/* see gallery_shortcode() in wp-includes\/media.php *\/\n\t\t<\/style>\n\t\t<div id='gallery-1' class='gallery galleryid-4 gallery-columns-4 gallery-size-thumbnail'><dl class='gallery-item'>\n\t\t\t<dt class='gallery-icon portrait'>\n\t\t\t\t<a href='https:\/\/www.vanocni-dekorace.com\/?attachment_id=84'><img loading=\"lazy\" decoding=\"async\" width=\"150\" height=\"150\" src=\"https:\/\/vanocni-dekorace.com\/wp-content\/uploads\/2013\/07\/ro_azuga_city_MG_2793-150x150.jpg\" class=\"attachment-thumbnail size-thumbnail\" alt=\"v\u00e1no\u010dn\u00ed osv\u011btlen\u00ed\" \/><\/a>\n\t\t\t<\/dt><\/dl><dl class='gallery-item'>\n\t\t\t<dt class='gallery-icon landscape'>\n\t\t\t\t<a href='https:\/\/www.vanocni-dekorace.com\/?attachment_id=85'><img loading=\"lazy\" decoding=\"async\" width=\"150\" height=\"150\" src=\"https:\/\/vanocni-dekorace.com\/wp-content\/uploads\/2013\/07\/ADAMS_FULLHOUSE_im-150x150.jpg\" class=\"attachment-thumbnail size-thumbnail\" alt=\"v\u00e1no\u010dn\u00ed osv\u011btlen\u00ed\" \/><\/a>\n\t\t\t<\/dt><\/dl><dl class='gallery-item'>\n\t\t\t<dt class='gallery-icon landscape'>\n\t\t\t\t<a href='https:\/\/www.vanocni-dekorace.com\/?attachment_id=86'><img loading=\"lazy\" decoding=\"async\" width=\"150\" height=\"150\" src=\"https:\/\/vanocni-dekorace.com\/wp-content\/uploads\/2013\/07\/blue-LED-picture_resize-150x150.jpg\" class=\"attachment-thumbnail size-thumbnail\" alt=\"v\u00e1no\u010dn\u00ed osv\u011btlen\u00ed\" \/><\/a>\n\t\t\t<\/dt><\/dl><dl class='gallery-item'>\n\t\t\t<dt class='gallery-icon landscape'>\n\t\t\t\t<a href='https:\/\/www.vanocni-dekorace.com\/?attachment_id=87'><img loading=\"lazy\" decoding=\"async\" width=\"150\" height=\"150\" src=\"https:\/\/vanocni-dekorace.com\/wp-content\/uploads\/2013\/07\/DSCF2953-150x150.jpg\" class=\"attachment-thumbnail size-thumbnail\" alt=\"v\u00e1no\u010dn\u00ed osv\u011btlen\u00ed\" \/><\/a>\n\t\t\t<\/dt><\/dl><br style=\"clear: both\" \/><dl class='gallery-item'>\n\t\t\t<dt class='gallery-icon landscape'>\n\t\t\t\t<a href='https:\/\/www.vanocni-dekorace.com\/?attachment_id=89'><img loading=\"lazy\" decoding=\"async\" width=\"150\" height=\"150\" src=\"https:\/\/vanocni-dekorace.com\/wp-content\/uploads\/2013\/07\/170-07761-150x150.jpg\" class=\"attachment-thumbnail size-thumbnail\" alt=\"v\u00e1no\u010dn\u00ed osv\u011btlen\u00ed\" \/><\/a>\n\t\t\t<\/dt><\/dl><dl class='gallery-item'>\n\t\t\t<dt class='gallery-icon landscape'>\n\t\t\t\t<a href='https:\/\/www.vanocni-dekorace.com\/?attachment_id=90'><img loading=\"lazy\" decoding=\"async\" width=\"150\" height=\"150\" src=\"https:\/\/vanocni-dekorace.com\/wp-content\/uploads\/2013\/07\/vd11-150x150.jpg\" class=\"attachment-thumbnail size-thumbnail\" alt=\"v\u00e1no\u010dn\u00ed osv\u011btlen\u00ed\" \/><\/a>\n\t\t\t<\/dt><\/dl><dl class='gallery-item'>\n\t\t\t<dt class='gallery-icon landscape'>\n\t\t\t\t<a href='https:\/\/www.vanocni-dekorace.com\/?attachment_id=91'><img loading=\"lazy\" decoding=\"async\" width=\"150\" height=\"150\" src=\"https:\/\/vanocni-dekorace.com\/wp-content\/uploads\/2013\/07\/143-09996-150x150.jpg\" class=\"attachment-thumbnail size-thumbnail\" alt=\"v\u00e1no\u010dn\u00ed osv\u011btlen\u00ed\" \/><\/a>\n\t\t\t<\/dt><\/dl>\n\t\t\t<br style='clear: both' \/>\n\t\t<\/div>\n\n<p><b>V\u00e1no\u010dn\u00ed v\u00fdzdoba <\/b>je n\u011b\u010d\u00edm, co\u00a0k p\u0159ekvapen\u00ed mnoh\u00fdch takt\u00e9\u017e podl\u00e9h\u00e1 <a href=\"http:\/\/www.vanocni-dekorace.com\/?p=292\">m\u00f3dn\u00edm trend\u016fm<\/a>. Nejv\u011bt\u0161\u00edm tah\u00e1kem jsou jednoduch\u00e9 tvary, v\u00fdrazn\u00e9 barvy a vtipn\u00e9 n\u00e1pady. Nap\u0159\u00edklad ozdoby na v\u00e1no\u010dn\u00ed stromek ji\u017e neznamenaj\u00ed pouze tradi\u010dn\u00ed barevn\u00e9 foukan\u00e9 koule, ale i ozdoby ve tvaru krychle, jehlanu \u010di dal\u0161\u00edch. Stejn\u011b tak samotn\u00fd v\u00e1no\u010dn\u00ed stromek nemus\u00ed m\u00edt tradi\u010dn\u00ed pojet\u00ed. Naopak se velmi cen\u00ed nov\u00e1torsk\u00fd p\u0159\u00edstup a neot\u0159el\u00e9 n\u00e1pady. Z\u00a0toho d\u016fvodu jsou v\u00a0posledn\u00ed dob\u011b velice popul\u00e1rn\u00ed stromky v\u00a0r\u016fzn\u00fdch barv\u00e1ch, mezi kter\u00fdmi je nejobl\u00edben\u011bj\u0161\u00ed b\u00edl\u00e1.<\/p>\n<p>Pokud v\u0161ak m\u00e1te rad\u011bji klasiku, nemus\u00edte v\u011b\u0161et hlavu. Tradi\u010dn\u00ed <b>v\u00e1no\u010dn\u00ed v\u00fdzdoba<\/b> z\u016fst\u00e1v\u00e1 nejobl\u00edben\u011bj\u0161\u00ed a nen\u00ed tedy pochyb o tom, \u017ee bude vhodn\u00e1 i pro v\u00e1\u0161 domov. Nav\u00edc i \u010dasto netu\u0161en\u00e9 kombinace v\u00fdzdoby dok\u00e1\u017eou vytvo\u0159it p\u0159ekvapiv\u011b p\u0159\u00edjemn\u00fd v\u00fdsledn\u00fd dojem. Nebojte se tedy kombinovat a zkou\u0161ejte i prvky, kter\u00e9 by v\u00e1s v\u00a0prvn\u00ed chv\u00edli v\u016fbec nenapadly. Z\u00a0obecn\u00e9ho hlediska je dobr\u00e9 se dr\u017eet stylu interi\u00e9ru, kter\u00fd chceme ozdobit a m\u00edt st\u00e1le na pam\u011bti, \u017ee m\u00e9n\u011b \u010dasto znamen\u00e1 v\u00edce. Vhodn\u00e9 jsou stromky, girlandy z jehli\u010d\u00ed a dal\u0161\u00ed <a title=\"v\u00e1no\u010dn\u00ed dekorace\" href=\"http:\/\/www.vanocni-shop.eu\" target=\"_blank\" rel=\"noopener noreferrer\">v\u00e1no\u010dn\u00ed dekorace<\/a>. A \u010d\u00edm tedy za\u010d\u00edt? V\u00a0prvn\u00ed \u0159ad\u011b se zam\u011b\u0159te na <a href=\"https:\/\/www.dexys.cz\/\" target=\"_blank\" rel=\"noopener noreferrer\"><b>v\u00e1no\u010dn\u00ed osv\u011btlen\u00ed<\/b>.<\/a><\/p>\n<p>Sv\u011btlo je \u010dasto toti\u017e t\u00edm, \u010deho se n\u00e1m v\u00a0zim\u011b nedost\u00e1v\u00e1 v\u00a0takov\u00e9 m\u00ed\u0159e, jak bychom si p\u0159\u00e1li a proto nen\u00ed divu, \u017ee pr\u00e1v\u011b <b>sv\u011bteln\u00e9 dekorace<\/b> pat\u0159\u00ed mezi nejpopul\u00e1rn\u011bj\u0161\u00ed<b>. <\/b>Pry\u010d u\u017e jsou v\u0161ak na\u0161t\u011bst\u00ed doby, kdy byl v\u00fdb\u011br mal\u00fd, \u017eivotnost dekorace velmi n\u00edzk\u00e1 a samotn\u00e1 sv\u011btla nev\u00fdrazn\u00e1. Modern\u00ed <b>LED dekorace <\/b>jsou v\u00a0tomto ohledu prav\u00fdm opakem. \u017divotnost takov\u00e9ho osv\u011btlen\u00ed se v\u00fdrazn\u011b prodlou\u017eila d\u00edky vysok\u00e9 odolnosti tohoto typu diod. Jsou tak\u00e9 odoln\u00e9 v\u016f\u010di ohybu, co\u017e je vlastnost, kter\u00e1 se hod\u00ed p\u0159i skladov\u00e1n\u00ed osv\u011btlen\u00ed. Nav\u00edc takov\u00e1 dekorace spot\u0159ebuje mnohem m\u00e9n\u011b elekt\u0159iny a podan\u00e9 sv\u011btlo bude kvalitn\u00ed a st\u00e1l\u00e9.<\/p>\n<p><b>LED dekorace <\/b>jsou vhodn\u00e9 i<b> <\/b>pro pou\u017eit\u00ed ve zhor\u0161en\u00fdch pov\u011btrnostn\u00edch podm\u00ednk\u00e1ch, co\u017e je p\u0159\u00edmo p\u0159edur\u010duje k\u00a0pou\u017eit\u00ed jako <b>venkovn\u00ed v\u00e1no\u010dn\u00ed dekorace<\/b>. Obecn\u011b jsou v\u0161ak tyto dekorace mnohem hospod\u00e1rn\u011bj\u0161\u00ed a kvalitn\u011bj\u0161\u00ed ne\u017e jak\u00e9koliv star\u00e9 <b>v\u00e1no\u010dn\u00ed osv\u011btlen\u00ed<\/b>.<\/p>\n\n\t\t<style type=\"text\/css\">\n\t\t\t#gallery-2 {\n\t\t\t\tmargin: auto;\n\t\t\t}\n\t\t\t#gallery-2 .gallery-item {\n\t\t\t\tfloat: left;\n\t\t\t\tmargin-top: 10px;\n\t\t\t\ttext-align: center;\n\t\t\t\twidth: 25%;\n\t\t\t}\n\t\t\t#gallery-2 img {\n\t\t\t\tborder: 2px solid #cfcfcf;\n\t\t\t}\n\t\t\t#gallery-2 .gallery-caption {\n\t\t\t\tmargin-left: 0;\n\t\t\t}\n\t\t\t\/* see gallery_shortcode() in wp-includes\/media.php *\/\n\t\t<\/style>\n\t\t<div id='gallery-2' class='gallery galleryid-4 gallery-columns-4 gallery-size-thumbnail'><dl class='gallery-item'>\n\t\t\t<dt class='gallery-icon portrait'>\n\t\t\t\t<a href='https:\/\/www.vanocni-dekorace.com\/?attachment_id=93'><img loading=\"lazy\" decoding=\"async\" width=\"150\" height=\"150\" src=\"https:\/\/vanocni-dekorace.com\/wp-content\/uploads\/2013\/07\/1-150x150.jpg\" class=\"attachment-thumbnail size-thumbnail\" alt=\"v\u00e1no\u010dn\u00ed osv\u011btlen\u00ed\" \/><\/a>\n\t\t\t<\/dt><\/dl><dl class='gallery-item'>\n\t\t\t<dt class='gallery-icon portrait'>\n\t\t\t\t<a href='https:\/\/www.vanocni-dekorace.com\/?attachment_id=94'><img loading=\"lazy\" decoding=\"async\" width=\"150\" height=\"150\" src=\"https:\/\/vanocni-dekorace.com\/wp-content\/uploads\/2013\/07\/2-150x150.jpg\" class=\"attachment-thumbnail size-thumbnail\" alt=\"v\u00e1no\u010dn\u00ed osv\u011btlen\u00ed\" \/><\/a>\n\t\t\t<\/dt><\/dl><dl class='gallery-item'>\n\t\t\t<dt class='gallery-icon landscape'>\n\t\t\t\t<a href='https:\/\/www.vanocni-dekorace.com\/?attachment_id=95'><img loading=\"lazy\" decoding=\"async\" width=\"150\" height=\"150\" src=\"https:\/\/vanocni-dekorace.com\/wp-content\/uploads\/2013\/07\/073-09940-150x150.jpg\" class=\"attachment-thumbnail size-thumbnail\" alt=\"v\u00e1no\u010dn\u00ed osv\u011btlen\u00ed\" \/><\/a>\n\t\t\t<\/dt><\/dl><dl class='gallery-item'>\n\t\t\t<dt class='gallery-icon landscape'>\n\t\t\t\t<a href='https:\/\/www.vanocni-dekorace.com\/?attachment_id=96'><img loading=\"lazy\" decoding=\"async\" width=\"150\" height=\"150\" src=\"https:\/\/vanocni-dekorace.com\/wp-content\/uploads\/2013\/07\/143-08725-08727-08729-08730-2-150x150.jpg\" class=\"attachment-thumbnail size-thumbnail\" alt=\"v\u00e1no\u010dn\u00ed osv\u011btlen\u00ed\" \/><\/a>\n\t\t\t<\/dt><\/dl><br style=\"clear: both\" \/><dl class='gallery-item'>\n\t\t\t<dt class='gallery-icon landscape'>\n\t\t\t\t<a href='https:\/\/www.vanocni-dekorace.com\/?attachment_id=97'><img loading=\"lazy\" decoding=\"async\" width=\"150\" height=\"150\" src=\"https:\/\/vanocni-dekorace.com\/wp-content\/uploads\/2013\/07\/143-09308-150x150.jpg\" class=\"attachment-thumbnail size-thumbnail\" alt=\"v\u00e1no\u010dn\u00ed osv\u011btlen\u00ed\" \/><\/a>\n\t\t\t<\/dt><\/dl><dl class='gallery-item'>\n\t\t\t<dt class='gallery-icon portrait'>\n\t\t\t\t<a href='https:\/\/www.vanocni-dekorace.com\/?attachment_id=98'><img loading=\"lazy\" decoding=\"async\" width=\"150\" height=\"150\" src=\"https:\/\/vanocni-dekorace.com\/wp-content\/uploads\/2013\/07\/142-09979-150x150.jpg\" class=\"attachment-thumbnail size-thumbnail\" alt=\"v\u00e1no\u010dn\u00ed osv\u011btlen\u00ed\" \/><\/a>\n\t\t\t<\/dt><\/dl><dl class='gallery-item'>\n\t\t\t<dt class='gallery-icon landscape'>\n\t\t\t\t<a href='https:\/\/www.vanocni-dekorace.com\/?attachment_id=99'><img loading=\"lazy\" decoding=\"async\" width=\"150\" height=\"150\" src=\"https:\/\/vanocni-dekorace.com\/wp-content\/uploads\/2013\/07\/144-09763-150x150.jpg\" class=\"attachment-thumbnail size-thumbnail\" alt=\"v\u00e1no\u010dn\u00ed osv\u011btlen\u00ed\" \/><\/a>\n\t\t\t<\/dt><\/dl><dl class='gallery-item'>\n\t\t\t<dt class='gallery-icon landscape'>\n\t\t\t\t<a href='https:\/\/www.vanocni-dekorace.com\/?attachment_id=100'><img loading=\"lazy\" decoding=\"async\" width=\"150\" height=\"150\" src=\"https:\/\/vanocni-dekorace.com\/wp-content\/uploads\/2013\/07\/1710-150x150.jpg\" class=\"attachment-thumbnail size-thumbnail\" alt=\"v\u00e1no\u010dn\u00ed osv\u011btlen\u00ed\" \/><\/a>\n\t\t\t<\/dt><\/dl><br style=\"clear: both\" \/>\n\t\t<\/div>\n\n<p>V\u00a0sou\u010dasn\u00e9 dob\u011b nav\u00edc roste popt\u00e1vka po dekorac\u00edch, kter\u00e9 lze um\u00edstit ven. Jedn\u00e1 se o trend, kter\u00fd se k\u00a0n\u00e1m roz\u0161\u00ed\u0159il ze zem\u00ed z\u00e1padn\u00ed Evropy a ze z\u00e1mo\u0159\u00ed, kde jsou <b>venkovn\u00ed v\u00e1no\u010dn\u00ed dekorace<\/b> b\u011b\u017enou sou\u010d\u00e1st\u00ed v\u00fdzdoby domu. D\u00edky tomu i ulice z\u00edsk\u00e1vaj\u00ed jak\u00fdsi sv\u00e1te\u010dn\u00ed n\u00e1dech a d\u00e1vaj\u00ed tu\u0161it, \u017ee zde \u017eij\u00ed lid\u00e9, kter\u00fdm nen\u00ed lhostejn\u00e9, jak vypad\u00e1 jejich okol\u00ed. V\u00fdhodou um\u00edst\u011bn\u00ed dekorac\u00ed ven je, \u017ee nejste tolik limitov\u00e1ni rozm\u011bry. D\u00edky tomu mohou b\u00fdt tyto dekorace v\u00fdrazn\u00fdm prvkem na va\u0161em pozemku, kter\u00fd upout\u00e1 p\u0159ich\u00e1zej\u00edc\u00ed ji\u017e z\u00a0d\u00e1lky. Pokud se nav\u00edc bude jednat o <b>sv\u011bteln\u00e9 dekorace<\/b>,\u00a0 je tak\u0159ka zaji\u0161t\u011bno, \u017ee va\u0161e v\u00fdzdoba bude poutat z\u00e1jem doslova dnem i noc\u00ed.<\/p>\n<p>Spole\u010dn\u00fdm jmenovatelem v\u0161ech t\u011bchto dekorac\u00ed by m\u011bla b\u00fdt p\u0159edev\u0161\u00edm \u0159emesln\u00e1 kvalita proveden\u00ed, odolnost a v\u00a0p\u0159\u00edpad\u011b jak\u00e9koliv <b>LED v\u00e1no\u010dn\u00ed dekorace<\/b> tak\u00e9 bezprobl\u00e9mov\u00e1 a snadn\u00e1 instalace i pou\u017eit\u00ed. To v\u0161e dohromady v\u00e1m zaru\u010d\u00ed ni\u010d\u00edm neru\u0161en\u00fd po\u017eitek z\u00a0ozdoben\u00e9ho interi\u00e9ru i exteri\u00e9ru a zajist\u00ed neru\u0161en\u00e9 pro\u017eit\u00ed p\u0159ekr\u00e1sn\u00e9ho v\u00e1no\u010dn\u00edho obdob\u00ed.<\/p>\n","protected":false},"excerpt":{"rendered":"<p>V\u00e1noce jsou pro mnoh\u00e9 t\u00edm nejkr\u00e1sn\u011bj\u0161\u00edm obdob\u00edm v\u00a0roce. Je to doba, kdy lid\u00e9 odkl\u00e1daj\u00ed stranou nesv\u00e1ry a bilancuj\u00ed. Atmosf\u00e9ra V\u00e1noc nav\u00edc p\u016fsob\u00ed na v\u0161echny a dok\u00e1\u017ee oslovit i ty, kte\u0159\u00ed z\u00a0jak\u00e9hokoliv d\u016fvodu nemaj\u00ed tento sv\u00e1tek v\u00a0oblib\u011b. Jak\u00fdsi pomysln\u00fd duch V\u00e1noc je v\u0161ude kolem a je t\u011b\u017ek\u00e9 mu odol\u00e1vat. P\u0159edch\u00e1zej\u00edc\u00ed chladn\u00e9 obdob\u00ed se za\u010d\u00edn\u00e1 prom\u011b\u0148ovat, v\u00a0ulic\u00edch [&hellip;]<\/p>\n","protected":false},"author":1,"featured_media":0,"parent":0,"menu_order":1,"comment_status":"closed","ping_status":"closed","template":"","meta":{"footnotes":""},"aioseo_notices":[],"_links":{"self":[{"href":"https:\/\/www.vanocni-dekorace.com\/index.php?rest_route=\/wp\/v2\/pages\/4"}],"collection":[{"href":"https:\/\/www.vanocni-dekorace.com\/index.php?rest_route=\/wp\/v2\/pages"}],"about":[{"href":"https:\/\/www.vanocni-dekorace.com\/index.php?rest_route=\/wp\/v2\/types\/page"}],"author":[{"embeddable":true,"href":"https:\/\/www.vanocni-dekorace.com\/index.php?rest_route=\/wp\/v2\/users\/1"}],"replies":[{"embeddable":true,"href":"https:\/\/www.vanocni-dekorace.com\/index.php?rest_route=%2Fwp%2Fv2%2Fcomments&post=4"}],"version-history":[{"count":14,"href":"https:\/\/www.vanocni-dekorace.com\/index.php?rest_route=\/wp\/v2\/pages\/4\/revisions"}],"predecessor-version":[{"id":449,"href":"https:\/\/www.vanocni-dekorace.com\/index.php?rest_route=\/wp\/v2\/pages\/4\/revisions\/449"}],"wp:attachment":[{"href":"https:\/\/www.vanocni-dekorace.com\/index.php?rest_route=%2Fwp%2Fv2%2Fmedia&parent=4"}],"curies":[{"name":"wp","href":"https:\/\/api.w.org\/{rel}","templated":true}]}}